{"id":24,"date":"2013-08-24T13:22:25","date_gmt":"2013-08-24T11:22:25","guid":{"rendered":"http:\/\/www.fourrings.de\/?page_id=24"},"modified":"2013-08-24T13:22:25","modified_gmt":"2013-08-24T11:22:25","slug":"mein-audi","status":"publish","type":"page","link":"https:\/\/www.fourrings.de\/?page_id=24","title":{"rendered":"Mein Audi"},"content":{"rendered":"<p><span style=\"color: #000000; font-size: large;\">Tja nun wie bin ich zu meinem Audi 80 gekommen? Nun ich habe ihn ganz einfach geschenkt bekommen von meiner Schwester die ihn nicht mehr haben wollte, weil sie sich einen neuen Wagen kaufte. Da sie ihn von unserem Gro\u00dfvater 3 Jahre zuvor bekam war er nur in einem leicht desolaten Zustand! Sie bekam ihn zwar als Garagengepflegtes Auto mit unter 100tkm, jedoch hatte sie damit einen minderschweren Unfall und danach bekam er nicht mehr die n\u00f6tige Zuwendung! Die Reparatur war teuer , wurde jedoch nicht so fachm\u00e4nisch durchgef\u00fchrt wie man das bei solch Preisen erwarten konnte! Nun ja als ich ihn dann im M\u00e4rz 2001 bekam \u00e4nderte sich sein Aussehen und sein Stellenwert im Automobilen bereich! Ich nutzte ihn 1 1\/2 Jahre alls Alltagswagen und seit Okt. 2002 ist er nur mehr ein Wochenendfahrzeug, welches nur aus der Garage gefahren wird wenn die Sonne scheint oder wenn ein Auditreffen am Programm steht!<\/span><\/p>\n<p><span style=\"color: #000000; font-size: large;\">Hier nun ein paar Bilder vom Unfall!<\/span><\/p>\n<p><span style=\"color: #000000;\"><a href=\"http:\/\/www.fourrings.de\/wp-content\/uploads\/hist2.jpg\"><span style=\"color: #000000;\"><img loading=\"lazy\" class=\"alignnone size-full wp-image-7\" alt=\"hist2\" src=\"http:\/\/www.fourrings.de\/wp-content\/uploads\/hist2.jpg\" width=\"424\" height=\"411\" srcset=\"https:\/\/www.fourrings.de\/wp-content\/uploads\/hist2.jpg 424w, https:\/\/www.fourrings.de\/wp-content\/uploads\/hist2-300x290.jpg 300w\" sizes=\"(max-width: 424px) 100vw, 424px\" \/><\/span><\/a><\/span><\/p>\n<p><span style=\"color: #000000;\"><a href=\"http:\/\/www.fourrings.de\/wp-content\/uploads\/hist3.jpg\"><span style=\"color: #000000;\"><img loading=\"lazy\" class=\"alignnone size-full wp-image-8\" alt=\"hist3\" src=\"http:\/\/www.fourrings.de\/wp-content\/uploads\/hist3.jpg\" width=\"628\" height=\"435\" srcset=\"https:\/\/www.fourrings.de\/wp-content\/uploads\/hist3.jpg 628w, https:\/\/www.fourrings.de\/wp-content\/uploads\/hist3-300x207.jpg 300w\" sizes=\"(max-width: 628px) 100vw, 628px\" \/><\/span><\/a><\/span><\/p>\n<p><span style=\"color: #000000;\">\u00a0\u00a0 <a href=\"http:\/\/www.fourrings.de\/wp-content\/uploads\/hist1.jpg\"><span style=\"color: #000000;\"><img loading=\"lazy\" class=\"alignnone size-full wp-image-28\" alt=\"hist1\" src=\"http:\/\/www.fourrings.de\/wp-content\/uploads\/hist1.jpg\" width=\"632\" height=\"441\" srcset=\"https:\/\/www.fourrings.de\/wp-content\/uploads\/hist1.jpg 632w, https:\/\/www.fourrings.de\/wp-content\/uploads\/hist1-300x209.jpg 300w\" sizes=\"(max-width: 632px) 100vw, 632px\" \/><\/span><\/a>\u00a0 <\/span><\/p>\n<p>&nbsp;<\/p>\n<p><span style=\"color: #000000; font-size: large;\">Wie er aktuell aussieht habt ihr ja gleich am Anfang der Page gesehen! Was ich alles ver\u00e4ndert habe seht ihr unter dem Navigationspunkt Umbauten!<\/span><\/p>\n<p><span style=\"color: #000000; font-size: large;\">Hier sind noch die wichtigsten Daten vom Fahrzeug!<\/span><\/p>\n<p><span style=\"color: #000000;\">\u00a0<\/span><\/p>\n<p>&nbsp;<\/p>\n<table width=\"100%\">\n<tbody>\n<tr align=\"CENTER\" valign=\"CENTER\">\n<td align=\"CENTER\" valign=\"CENTER\"><center><span style=\"color: #000000; font-size: x-large;\"><i>Audi 80 CC,CD Turbo-Diesel<\/i> <\/span><\/center><\/td>\n<\/tr>\n<\/tbody>\n<\/table>\n<p>&nbsp;<\/p>\n<table width=\"100%\">\n<tbody>\n<tr>\n<td width=\"40%\"><span style=\"color: #000000;\"><b><span style=\"font-size: medium;\">Modell:<\/span><\/b><\/span><\/td>\n<td><span style=\"color: #000000; font-size: medium;\">Audi 80 CC, CD Diesel<\/span><\/td>\n<\/tr>\n<tr>\n<td><span style=\"color: #000000; font-size: medium;\"><b>Baujahre<\/b>:<\/span><\/td>\n<td><span style=\"color: #000000; font-size: medium;\">7\/\u00b484 &#8211; 9\/\u00b486<\/span><\/td>\n<\/tr>\n<tr>\n<td><span style=\"color: #000000;\"><b><span style=\"font-size: medium;\">Leistung bei Motordrehzahl:<\/span><\/b><\/span><\/td>\n<td><span style=\"color: #000000; font-size: medium;\">70 PS (51 kW) \/ 4500 U\/min<\/span><\/td>\n<\/tr>\n<tr>\n<td><span style=\"color: #000000;\"><b><span style=\"font-size: medium;\">Motor:\u00a0<\/span><\/b> <\/span><br \/>\n<span style=\"color: #000000;\"><b><span style=\"font-size: medium;\">Ventile:\u00a0<\/span><\/b> <\/span><br \/>\n<span style=\"color: #000000;\"><b><span style=\"font-size: medium;\">Hubraum:\u00a0<\/span><\/b> <\/span><br \/>\n<span style=\"color: #000000;\"><b><span style=\"font-size: medium;\">B * H:<\/span><\/b><\/span><\/td>\n<td><span style=\"color: #000000; font-size: medium;\">4 Zylinder in Reihe\u00a0 <\/span><br \/>\n<span style=\"color: #000000; font-size: medium;\">h\u00e4ngend, ohc\u00a0 <\/span><br \/>\n<span style=\"color: #000000; font-size: medium;\">1588 ccm\u00a0 <\/span><br \/>\n<span style=\"color: #000000; font-size: medium;\">76,5 mm * 86,4 mm<\/span><\/td>\n<\/tr>\n<tr valign=\"TOP\">\n<td><span style=\"color: #000000;\"><b><span style=\"font-size: medium;\">Gemischaufbereitung:<\/span><\/b><\/span><\/td>\n<td><span style=\"color: #000000; font-size: medium;\">Bosch Einspritzpumpe<\/span><\/td>\n<\/tr>\n<tr>\n<td><span style=\"color: #000000;\"><b><span style=\"font-size: medium;\">Antrieb:<\/span><\/b><\/span><\/td>\n<td><span style=\"color: #000000; font-size: medium;\">Frontantrieb<\/span><\/td>\n<\/tr>\n<tr valign=\"TOP\">\n<td><span style=\"color: #000000;\"><b><span style=\"font-size: medium;\">Getriebe:<\/span><\/b><\/span><\/td>\n<td><span style=\"color: #000000; font-size: medium;\">4 Gang oder 5 Gang<\/span><\/td>\n<\/tr>\n<tr>\n<td><span style=\"color: #000000;\"><b><span style=\"font-size: medium;\">Bremsen vorne:<\/span><\/b> <\/span><br \/>\n<span style=\"color: #000000;\"><b><span style=\"font-size: medium;\">Bremsen hinten:<\/span><\/b><\/span><\/td>\n<td><span style=\"color: #000000; font-size: medium;\">Scheiben\u00a0 <\/span><br \/>\n<span style=\"color: #000000; font-size: medium;\">Trommel<\/span><\/td>\n<\/tr>\n<tr>\n<td><span style=\"color: #000000;\"><b><span style=\"font-size: medium;\">H\u00f6chstgeschwindigkeit:<\/span><\/b><\/span><\/td>\n<td><span style=\"color: #000000; font-size: medium;\">158 km\/h<\/span><\/td>\n<\/tr>\n<tr>\n<td><span style=\"color: #000000;\"><b><span style=\"font-size: medium;\">Leergewicht:\u00a0<\/span><\/b> <\/span><br \/>\n<span style=\"color: #000000;\"><b><span style=\"font-size: medium;\">max. zul. Ges.gewicht:<\/span><\/b><\/span><\/td>\n<td><span style=\"color: #000000; font-size: medium;\">1020 kg <\/span><br \/>\n<span style=\"color: #000000; font-size: medium;\">1480 kg<\/span><\/td>\n<\/tr>\n<tr>\n<td><span style=\"color: #000000;\"><b><span style=\"font-size: medium;\">Bereifung auf Felge:\u00a0<\/span><\/b> <\/span><br \/>\n<span style=\"color: #000000;\"><b><span style=\"font-size: medium;\">Alternativ auch:<\/span><\/b><\/span><\/td>\n<td><span style=\"color: #000000; font-size: medium;\">165 SR 13<br \/>\n175 SR 13<br \/>\n185 R 14<\/span><\/td>\n<\/tr>\n<tr>\n<td><span style=\"color: #000000;\"><b><span style=\"font-size: medium;\">Radstand:<\/span><\/b><\/span><\/td>\n<td><span style=\"color: #000000; font-size: medium;\">2538 mm<\/span><\/td>\n<\/tr>\n<tr>\n<td><span style=\"color: #000000;\"><b><span style=\"font-size: medium;\">Spur vorne:<\/span><\/b> <\/span><br \/>\n<span style=\"color: #000000;\"><b><span style=\"font-size: medium;\">Spur hinten:<\/span><\/b><\/span><\/td>\n<td><span style=\"color: #000000; font-size: medium;\">1400 mm\u00a0 <\/span><br \/>\n<span style=\"color: #000000; font-size: medium;\">1420 mm<\/span><\/td>\n<\/tr>\n<tr>\n<td><span style=\"color: #000000;\"><b><span style=\"font-size: medium;\">L\u00e4nge:\u00a0<\/span><\/b> <\/span><br \/>\n<span style=\"color: #000000;\"><b><span style=\"font-size: medium;\">Breite:\u00a0<\/span><\/b> <\/span><br \/>\n<span style=\"color: #000000;\"><b><span style=\"font-size: medium;\">H\u00f6he:<\/span><\/b><\/span><\/td>\n<td><span style=\"color: #000000; font-size: medium;\">4406 mm\u00a0 <\/span><br \/>\n<span style=\"color: #000000; font-size: medium;\">1682 mm\u00a0 <\/span><br \/>\n<span style=\"color: #000000; font-size: medium;\">1379 mm<\/span><\/td>\n<\/tr>\n<tr valign=\"TOP\">\n<td><span style=\"color: #000000;\"><b><span style=\"font-size: medium;\">Ausstattung:<\/span><\/b><\/span><\/td>\n<td><span style=\"color: #000000; font-size: medium;\">Ausstattungsvarianten CC und CD erh\u00e4ltlich<\/span><\/td>\n<\/tr>\n<tr>\n<td><span style=\"color: #000000;\"><b><span style=\"font-size: medium;\">Anmerkungen:<\/span><\/b><\/span><\/td>\n<td><span style=\"color: #000000; font-size: medium;\">nur Viert\u00fcrer lieferbar<\/span><\/td>\n<\/tr>\n<\/tbody>\n<\/table>\n","protected":false},"excerpt":{"rendered":"<p>Tja nun wie bin ich zu meinem Audi 80 gekommen? Nun ich habe ihn ganz einfach geschenkt bekommen von meiner Schwester die ihn nicht mehr haben wollte, weil sie sich einen neuen Wagen kaufte. Da sie ihn von unserem Gro\u00dfvater 3 Jahre zuvor bekam war er nur in einem leicht<a href=\"https:\/\/www.fourrings.de\/?page_id=24\" class=\"read-more\">Read the Rest&#8230;<\/a><\/p>\n","protected":false},"author":1,"featured_media":0,"parent":0,"menu_order":0,"comment_status":"open","ping_status":"open","template":"","meta":[],"_links":{"self":[{"href":"https:\/\/www.fourrings.de\/index.php?rest_route=\/wp\/v2\/pages\/24"}],"collection":[{"href":"https:\/\/www.fourrings.de\/index.php?rest_route=\/wp\/v2\/pages"}],"about":[{"href":"https:\/\/www.fourrings.de\/index.php?rest_route=\/wp\/v2\/types\/page"}],"author":[{"embeddable":true,"href":"https:\/\/www.fourrings.de\/index.php?rest_route=\/wp\/v2\/users\/1"}],"replies":[{"embeddable":true,"href":"https:\/\/www.fourrings.de\/index.php?rest_route=%2Fwp%2Fv2%2Fcomments&post=24"}],"version-history":[{"count":2,"href":"https:\/\/www.fourrings.de\/index.php?rest_route=\/wp\/v2\/pages\/24\/revisions"}],"predecessor-version":[{"id":32,"href":"https:\/\/www.fourrings.de\/index.php?rest_route=\/wp\/v2\/pages\/24\/revisions\/32"}],"wp:attachment":[{"href":"https:\/\/www.fourrings.de\/index.php?rest_route=%2Fwp%2Fv2%2Fmedia&parent=24"}],"curies":[{"name":"wp","href":"https:\/\/api.w.org\/{rel}","templated":true}]}}