{"id":35,"date":"2013-08-24T13:24:41","date_gmt":"2013-08-24T11:24:41","guid":{"rendered":"http:\/\/www.fourrings.de\/?page_id=35"},"modified":"2013-08-24T13:24:41","modified_gmt":"2013-08-24T11:24:41","slug":"umbauten","status":"publish","type":"page","link":"https:\/\/www.fourrings.de\/?page_id=35","title":{"rendered":"Umbauten"},"content":{"rendered":"<p align=\"left\"><span style=\"color: #000000; font-size: large;\">Hier erf\u00e4hrt ihr nun was ich alles ver\u00e4ndert habe:<\/span><\/p>\n<p align=\"left\"><span style=\"color: #000000; font-size: large;\">Nun ja als erstes verbaute ich nat\u00fcrlich einen Radio! Ich habe mich f\u00fcr einen Sony Slot-In Radio entschieden und da mir dann nat\u00fcrlich die Original Boxen, welche sich im Armaturenbrett befinden, nicht ausreichend waren, standen die ersten Umbauma\u00dfnahmen an! Nach l\u00e4ngerem hin und her entschied ich mich dann f\u00fcr Pioneer Boxen die in die hinter Hutablage wanderten! Da man jedoch bei nem Typ 81 das Heckblech nicht aufschneiden darf, zwecks Stabilit\u00e4t, hab ich nur 16,5cm Boxen verbauen k\u00f6nnen. Die Hutablage vom Typ 81 ist leicht schr\u00e4g und darum mu\u00dfte ich zuerst das Geh\u00e4use der Boxen zurechtschleifen! Um die Kabel richtig verlegn zu k\u00f6nnen zerlegte ich meinen Audi! Da ich nicht wu\u00dfte das auf der Fahrerseite ein Kabelkanal ist, legte ich die Lautsprecherkabel durch den Mitteltunnel! Ich bezog die Hutablage vorher ncoh mit einem grauen Filz! Da ich mit dem Sound bis jetzt zufrieden bin hab ich seither nichts mehr ge\u00e4ndert!<\/span><\/p>\n<p align=\"left\"><span style=\"color: #000000; font-size: large;\">Mich st\u00f6rte aber das mein Auto keine Zentralverriegelung hatte und so mailte ich mich mit OTTO zusammen, der mir eine angeboten hat! Ich lernte ihn \u00fcber das Forum von <a target=\"_blank\"><span style=\"color: #000000;\">www.die-urgewalt.de<\/span><\/a> kennen und er half mir sogar noch beim Einbau! Hiermit noch einmal ein herzliches Dankesch\u00f6n an dich! Da man ja auf Komfort nicht verzichten will bekam er auch noch eine Funkfernbedienung mit Blinkeransteuerung!<\/span><\/p>\n<p align=\"left\"><span style=\"color: #000000; font-size: large;\">So nun vergingen einige Monate ohne \u00c4nderungen bis ich, durch Zufall, mir ein Sportfahrwerk kaufte und dies einbauen lies! Der Fahrkomfort ging zwar verloren, jedoch sein Fahrverhalten ver\u00e4nderte sich nur zum guten! <\/span><\/p>\n<p align=\"left\"><span style=\"color: #000000; font-size: large;\">Dann hatte ich leider Pech, denn mein Kilometerz\u00e4hler spielte mir einen Streich und versagte seinen Dienst! Darauf kaufte ich mir einen gebrauchten und baute diesen ein! Dabei kam ich auf die Idee mir weise Tachoscheiben einzubauen und fertigte diese an! Die Idee dazu stammt von dieser Homepage: <a href=\"http:\/\/www.dark-realms.de.vu\" target=\"_blank\"><span style=\"color: #000000;\">http:\/\/www.dark-realms.de.vu\/<\/span><\/a> ! <\/span><\/p>\n<p align=\"left\"><span style=\"color: #000000;\"><span style=\"font-size: large;\">Von ihm hab ich die km\/h Tachoscheibe! Die Uhr erstellte ich selber was aber auch nicht so schwer war! Flucks noch den Tacho zerlegt, Tachofolien draufgeklebt, alles wieder zusammengebaut und schon sehen die <\/span><span style=\"font-size: large;\">Armaturen so aus!<\/span><\/span><\/p>\n<p align=\"left\"><span style=\"color: #000000;\"><a href=\"http:\/\/www.fourrings.de\/wp-content\/uploads\/tacho.jpg\"><span style=\"color: #000000;\"><img loading=\"lazy\" class=\"alignnone size-full wp-image-30\" alt=\"tacho\" src=\"http:\/\/www.fourrings.de\/wp-content\/uploads\/tacho.jpg\" width=\"560\" height=\"342\" srcset=\"https:\/\/www.fourrings.de\/wp-content\/uploads\/tacho.jpg 560w, https:\/\/www.fourrings.de\/wp-content\/uploads\/tacho-300x183.jpg 300w\" sizes=\"(max-width: 560px) 100vw, 560px\" \/><\/span><\/a><\/span><\/p>\n<p align=\"left\"><span style=\"color: #000000; font-size: large;\">Hier sieht man auch schon mein Raid Sportlenkrad! Da mir das Originale zu gro\u00df war entschied ich mich f\u00fcr dieses! Damit hat man ein viel besseres Fahrgef\u00fchl! Glaubt mir!!!!<\/span><\/p>\n<p align=\"left\"><span style=\"color: #000000; font-size: large;\">Dann verging wieder einiges an Zeit bis ich wieder zum Schrauben gezwungen wurde, denn mein Audi wandelte sich zum Feuchtraumbiotop! Um festzustellen woher das Wasser kam zerlegte ich ihn einmal! Das sieht dann so aus!<\/span><\/p>\n<p align=\"left\"><span style=\"color: #000000;\"><a href=\"http:\/\/www.fourrings.de\/wp-content\/uploads\/turnack.jpg\"><span style=\"color: #000000;\"><img loading=\"lazy\" class=\"alignnone size-full wp-image-17\" alt=\"turnack\" src=\"http:\/\/www.fourrings.de\/wp-content\/uploads\/turnack.jpg\" width=\"800\" height=\"600\" srcset=\"https:\/\/www.fourrings.de\/wp-content\/uploads\/turnack.jpg 800w, https:\/\/www.fourrings.de\/wp-content\/uploads\/turnack-300x225.jpg 300w\" sizes=\"(max-width: 800px) 100vw, 800px\" \/><\/span><\/a> <a href=\"http:\/\/www.fourrings.de\/wp-content\/uploads\/rucknack.jpg\"><span style=\"color: #000000;\"><img loading=\"lazy\" class=\"alignnone size-full wp-image-16\" alt=\"rucknack\" src=\"http:\/\/www.fourrings.de\/wp-content\/uploads\/rucknack.jpg\" width=\"800\" height=\"600\" srcset=\"https:\/\/www.fourrings.de\/wp-content\/uploads\/rucknack.jpg 800w, https:\/\/www.fourrings.de\/wp-content\/uploads\/rucknack-300x225.jpg 300w\" sizes=\"(max-width: 800px) 100vw, 800px\" \/><\/span><\/a> <a href=\"http:\/\/www.fourrings.de\/wp-content\/uploads\/drausnack.jpg\"><span style=\"color: #000000;\"><img loading=\"lazy\" class=\"alignnone size-full wp-image-5\" alt=\"drausnack\" src=\"http:\/\/www.fourrings.de\/wp-content\/uploads\/drausnack.jpg\" width=\"800\" height=\"600\" srcset=\"https:\/\/www.fourrings.de\/wp-content\/uploads\/drausnack.jpg 800w, https:\/\/www.fourrings.de\/wp-content\/uploads\/drausnack-300x225.jpg 300w\" sizes=\"(max-width: 800px) 100vw, 800px\" \/><\/span><\/a><\/span><\/p>\n<p align=\"left\"><span style=\"color: #000000; font-size: large;\">Bei diesem Anblick mu\u00dfte ich leiden! Mein armes Auto! Aber da der Fehler schnell gefunden wurde konnte ich ihn schnell wiederbeleben! Das Wasser kam durch die T\u00fcren in den Innenraum! Die T\u00fcrfolien mu\u00dften gewechselt werden da sie beim Einbau der ZV zu stark besch\u00e4digt wurden! Vorher hab ich die Hohlr\u00e4ume nat\u00fcrlich noch mit Hohlraumversiegelung behandelt! Der erste Versuch die T\u00fcrfolien mit Silikon festzukleben scheiterte! Danach war ich erst einmal einen Tag damit besch\u00e4ftigt das Silikon wieder aus dem Auto zu bekommen! Glaubt mir das is keine sch\u00f6ne Arbeit! Danach griff ich zu UHU-Spr\u00fchkleber! Der h\u00e4lt bis heute und mein Auto is absolut dicht!<\/span><\/p>\n<p align=\"left\"><span style=\"color: #000000; font-size: large;\">Danach war er soweit fertig! Bloss ein paar sch\u00f6ne Alufelgen fehlten noch! Nach langer Suche zwecks Genehmigung, etc. entschied ich mich dann f\u00fcr Shaper-felgen mit 15 zoll! Da ich keine Blecharbeiten durchf\u00fchren wollte kam nur die Gr\u00f6\u00dfe in Frage!<\/span><\/p>\n<p align=\"left\"><span style=\"color: #000000; font-size: large;\">Wie das dann aussieht habt ihr ja schon am Anfang gesehen!<\/span><\/p>\n","protected":false},"excerpt":{"rendered":"<p>Hier erf\u00e4hrt ihr nun was ich alles ver\u00e4ndert habe: Nun ja als erstes verbaute ich nat\u00fcrlich einen Radio! Ich habe mich f\u00fcr einen Sony Slot-In Radio entschieden und da mir dann nat\u00fcrlich die Original Boxen, welche sich im Armaturenbrett befinden, nicht ausreichend waren, standen die ersten Umbauma\u00dfnahmen an! Nach l\u00e4ngerem<a href=\"https:\/\/www.fourrings.de\/?page_id=35\" class=\"read-more\">Read the Rest&#8230;<\/a><\/p>\n","protected":false},"author":1,"featured_media":0,"parent":0,"menu_order":0,"comment_status":"open","ping_status":"open","template":"","meta":[],"_links":{"self":[{"href":"https:\/\/www.fourrings.de\/index.php?rest_route=\/wp\/v2\/pages\/35"}],"collection":[{"href":"https:\/\/www.fourrings.de\/index.php?rest_route=\/wp\/v2\/pages"}],"about":[{"href":"https:\/\/www.fourrings.de\/index.php?rest_route=\/wp\/v2\/types\/page"}],"author":[{"embeddable":true,"href":"https:\/\/www.fourrings.de\/index.php?rest_route=\/wp\/v2\/users\/1"}],"replies":[{"embeddable":true,"href":"https:\/\/www.fourrings.de\/index.php?rest_route=%2Fwp%2Fv2%2Fcomments&post=35"}],"version-history":[{"count":2,"href":"https:\/\/www.fourrings.de\/index.php?rest_route=\/wp\/v2\/pages\/35\/revisions"}],"predecessor-version":[{"id":37,"href":"https:\/\/www.fourrings.de\/index.php?rest_route=\/wp\/v2\/pages\/35\/revisions\/37"}],"wp:attachment":[{"href":"https:\/\/www.fourrings.de\/index.php?rest_route=%2Fwp%2Fv2%2Fmedia&parent=35"}],"curies":[{"name":"wp","href":"https:\/\/api.w.org\/{rel}","templated":true}]}}