{"id":42,"date":"2013-08-24T13:31:23","date_gmt":"2013-08-24T11:31:23","guid":{"rendered":"http:\/\/www.fourrings.de\/?page_id=42"},"modified":"2013-08-24T13:31:23","modified_gmt":"2013-08-24T11:31:23","slug":"museum-ingolstadt","status":"publish","type":"page","link":"https:\/\/www.fourrings.de\/?page_id=42","title":{"rendered":"Museum Ingolstadt"},"content":{"rendered":"<p>&nbsp;<\/p>\n<p>Da ich im Sommer 2001 im &#8222;Museum Mobile&#8220; von Audi war hier ein kleiner Bericht. Ich war an einem Sonntag draussen, de\u00dfhalb konnte ich leider keine Werksf\u00fchrung mitmachen, jedoch empfehle ich jedem das er sich dieses Museum einmal ansieht. Ich finde, dass es f\u00fcr jeden Audi-Fan\/Fahrer interessant ist.<br \/>\nAllerdings muss ich etwas daran kritisieren. Es wird zuwenig auf die Modellpalette der vergangenen Jahre und der aktuellen Modelle eingegangen!<br \/>\nMir haben sie zumindest gefehlt!<br \/>\nHier sind einige von meinen Bildern:<\/p>\n<p><a href=\"http:\/\/www.fourrings.de\/wp-content\/uploads\/mus.jpg\"><img loading=\"lazy\" class=\"alignnone size-full wp-image-9\" alt=\"mus\" src=\"http:\/\/www.fourrings.de\/wp-content\/uploads\/mus.jpg\" width=\"600\" height=\"421\" srcset=\"https:\/\/www.fourrings.de\/wp-content\/uploads\/mus.jpg 600w, https:\/\/www.fourrings.de\/wp-content\/uploads\/mus-300x210.jpg 300w\" sizes=\"(max-width: 600px) 100vw, 600px\" \/><\/a> <a href=\"http:\/\/www.fourrings.de\/wp-content\/uploads\/halle.jpg\"><img loading=\"lazy\" class=\"alignnone size-full wp-image-6\" alt=\"halle\" src=\"http:\/\/www.fourrings.de\/wp-content\/uploads\/halle.jpg\" width=\"600\" height=\"356\" srcset=\"https:\/\/www.fourrings.de\/wp-content\/uploads\/halle.jpg 600w, https:\/\/www.fourrings.de\/wp-content\/uploads\/halle-300x178.jpg 300w\" sizes=\"(max-width: 600px) 100vw, 600px\" \/><\/a> <a href=\"http:\/\/www.fourrings.de\/wp-content\/uploads\/mus2.jpg\"><img loading=\"lazy\" class=\"alignnone size-full wp-image-10\" alt=\"mus2\" src=\"http:\/\/www.fourrings.de\/wp-content\/uploads\/mus2.jpg\" width=\"600\" height=\"389\" srcset=\"https:\/\/www.fourrings.de\/wp-content\/uploads\/mus2.jpg 600w, https:\/\/www.fourrings.de\/wp-content\/uploads\/mus2-300x194.jpg 300w\" sizes=\"(max-width: 600px) 100vw, 600px\" \/><\/a> <a href=\"http:\/\/www.fourrings.de\/wp-content\/uploads\/old.jpg\"><img loading=\"lazy\" class=\"alignnone size-full wp-image-12\" alt=\"old\" src=\"http:\/\/www.fourrings.de\/wp-content\/uploads\/old.jpg\" width=\"600\" height=\"299\" srcset=\"https:\/\/www.fourrings.de\/wp-content\/uploads\/old.jpg 600w, https:\/\/www.fourrings.de\/wp-content\/uploads\/old-300x149.jpg 300w\" sizes=\"(max-width: 600px) 100vw, 600px\" \/><\/a> <a href=\"http:\/\/www.fourrings.de\/wp-content\/uploads\/a8.jpg\"><img loading=\"lazy\" class=\"alignnone size-full wp-image-20\" alt=\"a8\" src=\"http:\/\/www.fourrings.de\/wp-content\/uploads\/a8.jpg\" width=\"600\" height=\"458\" srcset=\"https:\/\/www.fourrings.de\/wp-content\/uploads\/a8.jpg 600w, https:\/\/www.fourrings.de\/wp-content\/uploads\/a8-300x229.jpg 300w\" sizes=\"(max-width: 600px) 100vw, 600px\" \/><\/a> <a href=\"http:\/\/www.fourrings.de\/wp-content\/uploads\/80_2.jpg\"><img loading=\"lazy\" class=\"alignnone size-full wp-image-19\" alt=\"80_2\" src=\"http:\/\/www.fourrings.de\/wp-content\/uploads\/80_2.jpg\" width=\"600\" height=\"457\" srcset=\"https:\/\/www.fourrings.de\/wp-content\/uploads\/80_2.jpg 600w, https:\/\/www.fourrings.de\/wp-content\/uploads\/80_2-300x228.jpg 300w\" sizes=\"(max-width: 600px) 100vw, 600px\" \/><\/a> <a href=\"http:\/\/www.fourrings.de\/wp-content\/uploads\/80_1.jpg\"><img loading=\"lazy\" class=\"alignnone size-full wp-image-18\" alt=\"80_1\" src=\"http:\/\/www.fourrings.de\/wp-content\/uploads\/80_1.jpg\" width=\"600\" height=\"468\" srcset=\"https:\/\/www.fourrings.de\/wp-content\/uploads\/80_1.jpg 600w, https:\/\/www.fourrings.de\/wp-content\/uploads\/80_1-300x234.jpg 300w\" sizes=\"(max-width: 600px) 100vw, 600px\" \/><\/a> <a href=\"http:\/\/www.fourrings.de\/wp-content\/uploads\/renn1.jpg\"><img loading=\"lazy\" class=\"alignnone size-full wp-image-29\" alt=\"renn1\" src=\"http:\/\/www.fourrings.de\/wp-content\/uploads\/renn1.jpg\" width=\"600\" height=\"404\" srcset=\"https:\/\/www.fourrings.de\/wp-content\/uploads\/renn1.jpg 600w, https:\/\/www.fourrings.de\/wp-content\/uploads\/renn1-300x202.jpg 300w\" sizes=\"(max-width: 600px) 100vw, 600px\" \/><\/a> <a href=\"http:\/\/www.fourrings.de\/wp-content\/uploads\/renn2.jpg\"><img loading=\"lazy\" class=\"alignnone size-full wp-image-15\" alt=\"renn2\" src=\"http:\/\/www.fourrings.de\/wp-content\/uploads\/renn2.jpg\" width=\"600\" height=\"396\" srcset=\"https:\/\/www.fourrings.de\/wp-content\/uploads\/renn2.jpg 600w, https:\/\/www.fourrings.de\/wp-content\/uploads\/renn2-300x198.jpg 300w\" sizes=\"(max-width: 600px) 100vw, 600px\" \/><\/a> <a href=\"http:\/\/www.fourrings.de\/wp-content\/uploads\/quattro.jpg\"><img loading=\"lazy\" class=\"alignnone size-full wp-image-14\" alt=\"quattro\" src=\"http:\/\/www.fourrings.de\/wp-content\/uploads\/quattro.jpg\" width=\"600\" height=\"397\" srcset=\"https:\/\/www.fourrings.de\/wp-content\/uploads\/quattro.jpg 600w, https:\/\/www.fourrings.de\/wp-content\/uploads\/quattro-300x198.jpg 300w\" sizes=\"(max-width: 600px) 100vw, 600px\" \/><\/a> <a href=\"http:\/\/www.fourrings.de\/wp-content\/uploads\/old2.jpg\"><img loading=\"lazy\" class=\"alignnone size-full wp-image-13\" alt=\"old2\" src=\"http:\/\/www.fourrings.de\/wp-content\/uploads\/old2.jpg\" width=\"600\" height=\"462\" srcset=\"https:\/\/www.fourrings.de\/wp-content\/uploads\/old2.jpg 600w, https:\/\/www.fourrings.de\/wp-content\/uploads\/old2-300x231.jpg 300w\" sizes=\"(max-width: 600px) 100vw, 600px\" \/><\/a> <a href=\"http:\/\/www.fourrings.de\/wp-content\/uploads\/avus.jpg\"><img loading=\"lazy\" class=\"alignnone size-full wp-image-21\" alt=\"avus\" src=\"http:\/\/www.fourrings.de\/wp-content\/uploads\/avus.jpg\" width=\"600\" height=\"346\" srcset=\"https:\/\/www.fourrings.de\/wp-content\/uploads\/avus.jpg 600w, https:\/\/www.fourrings.de\/wp-content\/uploads\/avus-300x173.jpg 300w\" sizes=\"(max-width: 600px) 100vw, 600px\" \/><\/a> <a href=\"http:\/\/www.fourrings.de\/wp-content\/uploads\/avus_3.jpg\"><img loading=\"lazy\" class=\"alignnone size-full wp-image-22\" alt=\"avus_3\" src=\"http:\/\/www.fourrings.de\/wp-content\/uploads\/avus_3.jpg\" width=\"600\" height=\"358\" srcset=\"https:\/\/www.fourrings.de\/wp-content\/uploads\/avus_3.jpg 600w, https:\/\/www.fourrings.de\/wp-content\/uploads\/avus_3-300x179.jpg 300w\" sizes=\"(max-width: 600px) 100vw, 600px\" \/><\/a> <a href=\"http:\/\/www.fourrings.de\/wp-content\/uploads\/avus_2.jpg\"><img loading=\"lazy\" class=\"alignnone size-full wp-image-25\" alt=\"avus_2\" src=\"http:\/\/www.fourrings.de\/wp-content\/uploads\/avus_2.jpg\" width=\"600\" height=\"419\" srcset=\"https:\/\/www.fourrings.de\/wp-content\/uploads\/avus_2.jpg 600w, https:\/\/www.fourrings.de\/wp-content\/uploads\/avus_2-300x209.jpg 300w\" sizes=\"(max-width: 600px) 100vw, 600px\" \/><\/a><\/p>\n<p><span style=\"color: #f40201; font-size: xx-small;\">\u00a0<\/span><\/p>\n","protected":false},"excerpt":{"rendered":"<p>&nbsp; Da ich im Sommer 2001 im &#8222;Museum Mobile&#8220; von Audi war hier ein kleiner Bericht. Ich war an einem Sonntag draussen, de\u00dfhalb konnte ich leider keine Werksf\u00fchrung mitmachen, jedoch empfehle ich jedem das er sich dieses Museum einmal ansieht. Ich finde, dass es f\u00fcr jeden Audi-Fan\/Fahrer interessant ist. Allerdings<a href=\"https:\/\/www.fourrings.de\/?page_id=42\" class=\"read-more\">Read the Rest&#8230;<\/a><\/p>\n","protected":false},"author":1,"featured_media":0,"parent":0,"menu_order":0,"comment_status":"closed","ping_status":"closed","template":"","meta":[],"_links":{"self":[{"href":"https:\/\/www.fourrings.de\/index.php?rest_route=\/wp\/v2\/pages\/42"}],"collection":[{"href":"https:\/\/www.fourrings.de\/index.php?rest_route=\/wp\/v2\/pages"}],"about":[{"href":"https:\/\/www.fourrings.de\/index.php?rest_route=\/wp\/v2\/types\/page"}],"author":[{"embeddable":true,"href":"https:\/\/www.fourrings.de\/index.php?rest_route=\/wp\/v2\/users\/1"}],"replies":[{"embeddable":true,"href":"https:\/\/www.fourrings.de\/index.php?rest_route=%2Fwp%2Fv2%2Fcomments&post=42"}],"version-history":[{"count":2,"href":"https:\/\/www.fourrings.de\/index.php?rest_route=\/wp\/v2\/pages\/42\/revisions"}],"predecessor-version":[{"id":44,"href":"https:\/\/www.fourrings.de\/index.php?rest_route=\/wp\/v2\/pages\/42\/revisions\/44"}],"wp:attachment":[{"href":"https:\/\/www.fourrings.de\/index.php?rest_route=%2Fwp%2Fv2%2Fmedia&parent=42"}],"curies":[{"name":"wp","href":"https:\/\/api.w.org\/{rel}","templated":true}]}}